{"id":2235,"date":"2025-04-03T05:34:35","date_gmt":"2025-04-03T05:34:35","guid":{"rendered":"https:\/\/grandlagoonresorts.com\/panoramica\/"},"modified":"2025-07-19T09:11:48","modified_gmt":"2025-07-19T09:11:48","slug":"overview","status":"publish","type":"page","link":"https:\/\/grandlagoonresorts.com\/it\/overview\/","title":{"rendered":"Panoramica"},"content":{"rendered":"\t\t<div data-elementor-type=\"wp-page\" data-elementor-id=\"2235\" class=\"elementor elementor-2235 elementor-401\">\n\t\t\t\t\t\t<section class=\"elementor-section elementor-top-section elementor-element elementor-element-1b4dc6e elementor-section-full_width elementor-section-height-default elementor-section-height-default wpr-particle-no wpr-jarallax-no wpr-parallax-no wpr-sticky-section-no wpr-equal-height-no\" data-id=\"1b4dc6e\" data-element_type=\"section\" data-e-type=\"section\" data-settings=\"{&quot;background_background&quot;:&quot;classic&quot;}\">\n\t\t\t\t\t\t\t<div class=\"elementor-background-overlay\"><\/div>\n\t\t\t\t\t\t\t<div class=\"elementor-container elementor-column-gap-default\">\n\t\t\t\t\t<div class=\"elementor-column elementor-col-100 elementor-top-column elementor-element elementor-element-d6fdb31\" data-id=\"d6fdb31\" data-element_type=\"column\" data-e-type=\"column\">\n\t\t\t<div class=\"elementor-widget-wrap elementor-element-populated\">\n\t\t\t\t\t\t<div class=\"elementor-element elementor-element-d3ae221 elementor-widget elementor-widget-heading\" data-id=\"d3ae221\" data-element_type=\"widget\" data-e-type=\"widget\" data-widget_type=\"heading.default\">\n\t\t\t\t<div class=\"elementor-widget-container\">\n\t\t\t\t\t<h2 class=\"elementor-heading-title elementor-size-default\">Di<\/h2>\t\t\t\t<\/div>\n\t\t\t\t<\/div>\n\t\t\t\t<div class=\"elementor-element elementor-element-d6e71ad elementor-invisible elementor-widget elementor-widget-ucaddon_splitting_letters_effect\" data-id=\"d6e71ad\" data-element_type=\"widget\" data-e-type=\"widget\" data-widget_type=\"ucaddon_splitting_letters_effect.default\">\n\t\t\t\t<div class=\"elementor-widget-container\">\n\t\t\t\t\t\n<!-- start Animated Split Text -->\n<style>\/* widget: Animated Split Text *\/\n\n\n.uc-splitting-text{\n\tdisplay:flex;\n\tvisibility:hidden;\n}\n\n.uc-splitting-text-wrapper\n{\n  display:flex;\n  flex-wrap: wrap;\n}\n\n.uc-splitting-text-item\n{\n  display:inline-flex;\n  flex-wrap: wrap;\n}\n\n.uc-splitting-text .word{\n   display:inline-flex;\n}\n\n.uc-splitting-text.uc-animated{\n\tvisibility:visible;\n}\n\n\n@keyframes ue_slide {\n  from {\n    transform: translateY(-1em) rotate(-.5turn) scale(0.5);\n    opacity: 0;\n  }\n}\n\n@keyframes ue_flip {\n  from {\n    transform: rotate(360deg) scale(0.5);\n    opacity: 0;\n  }\n}\n\n\n@keyframes ue_blur {\n  from {\n    transform: translateY(-1000px) scaleY(2.5) scaleX(0.2);\n    transform-origin: 50% 0%;\n    filter: blur(40px);\n    opacity: 0;\n  }\n}\n\n@keyframes ue_puff {\n  from {\n    transform: scale(2);\n    filter: blur(4px);\n    opacity: 0;\n  }\n}\n\n@keyframes ue_tilt {\n  from {\n    transform: rotateY(20deg) rotateX(35deg) translate(300px, -300px) skew(-35deg, 10deg);\n    opacity: 0;\n  }\n}\n\n@keyframes ue_scale {\n  from {\n    transform: scale(0);\n    opacity: 0;\n  }\n}\n            \n\n\n#uc_splitting_letters_effect_elementor_d6e71ad.uc-animated .char {\n  animation: ue_scale 1s cubic-bezier(.5, 0, .5, 1) both;\n  animation-delay: calc(60ms * var(--char-index));\n}\n\n\n\n\n<\/style>\n\n<div id=\"uc_splitting_letters_effect_elementor_d6e71ad\" class=\"uc-splitting-text\"   data-splitting data-reveal-eachscroll=\"false\">\n  <div class=\"uc-splitting-text-wrapper\">\n\t<div id=\"uc_splitting_letters_effect_elementor_d6e71ad_item1\" class=\"uc-splitting-text-item\">Dream Lagoon Resort &amp; Aquapark<\/div>\n\n  <\/div>\n<\/div>\n<!-- end Animated Split Text -->\t\t\t\t<\/div>\n\t\t\t\t<\/div>\n\t\t\t\t<div class=\"elementor-element elementor-element-9991d47 elementor-widget elementor-widget-image\" data-id=\"9991d47\" data-element_type=\"widget\" data-e-type=\"widget\" data-widget_type=\"image.default\">\n\t\t\t\t<div class=\"elementor-widget-container\">\n\t\t\t\t\t\t\t\t\t\t\t\t\t\t\t<img decoding=\"async\" width=\"800\" height=\"20\" src=\"https:\/\/grandlagoonresorts.com\/wp-content\/uploads\/2025\/03\/lineAsset-1@2x-1024x25.png\" class=\"attachment-large size-large wp-image-2149\" alt=\"Line1\" srcset=\"https:\/\/grandlagoonresorts.com\/wp-content\/uploads\/2025\/03\/lineAsset-1@2x-1024x25.png 1024w, https:\/\/grandlagoonresorts.com\/wp-content\/uploads\/2025\/03\/lineAsset-1@2x-300x7.png 300w, https:\/\/grandlagoonresorts.com\/wp-content\/uploads\/2025\/03\/lineAsset-1@2x-768x19.png 768w, https:\/\/grandlagoonresorts.com\/wp-content\/uploads\/2025\/03\/lineAsset-1@2x.png 1372w\" sizes=\"(max-width: 800px) 100vw, 800px\" \/>\t\t\t\t\t\t\t\t\t\t\t\t\t\t\t<\/div>\n\t\t\t\t<\/div>\n\t\t\t\t<section class=\"elementor-section elementor-inner-section elementor-element elementor-element-fc50ab8 elementor-section-full_width elementor-section-height-default elementor-section-height-default wpr-particle-no wpr-jarallax-no wpr-parallax-no wpr-sticky-section-no wpr-equal-height-no\" data-id=\"fc50ab8\" data-element_type=\"section\" data-e-type=\"section\">\n\t\t\t\t\t\t<div class=\"elementor-container elementor-column-gap-no\">\n\t\t\t\t\t<div class=\"elementor-column elementor-col-50 elementor-inner-column elementor-element elementor-element-5b2814c\" data-id=\"5b2814c\" data-element_type=\"column\" data-e-type=\"column\">\n\t\t\t<div class=\"elementor-widget-wrap elementor-element-populated\">\n\t\t\t\t\t\t<div class=\"elementor-element elementor-element-0696bbb elementor-widget elementor-widget-heading\" data-id=\"0696bbb\" data-element_type=\"widget\" data-e-type=\"widget\" data-widget_type=\"heading.default\">\n\t\t\t\t<div class=\"elementor-widget-container\">\n\t\t\t\t\t<h2 class=\"elementor-heading-title elementor-size-default\">Raggiungeteci<\/h2>\t\t\t\t<\/div>\n\t\t\t\t<\/div>\n\t\t\t\t<div class=\"elementor-element elementor-element-c1dac63 elementor-widget__width-initial elementor-widget-mobile__width-inherit elementor-icon-list--layout-traditional elementor-list-item-link-full_width elementor-widget elementor-widget-icon-list\" data-id=\"c1dac63\" data-element_type=\"widget\" data-e-type=\"widget\" data-widget_type=\"icon-list.default\">\n\t\t\t\t<div class=\"elementor-widget-container\">\n\t\t\t\t\t\t\t<ul class=\"elementor-icon-list-items\">\n\t\t\t\t\t\t\t<li class=\"elementor-icon-list-item\">\n\t\t\t\t\t\t\t\t\t\t\t<span class=\"elementor-icon-list-icon\">\n\t\t\t\t\t\t\t<svg xmlns=\"http:\/\/www.w3.org\/2000\/svg\" width=\"18.457\" height=\"21\" viewBox=\"0 0 18.457 21\"><g id=\"location_535239\" transform=\"translate(-31)\"><g id=\"Group_76\" data-name=\"Group 76\" transform=\"translate(31)\"><g id=\"Group_75\" data-name=\"Group 75\" transform=\"translate(0)\"><path id=\"Path_120\" data-name=\"Path 120\" d=\"M43.734,13.875c2.235-3.507,1.954-3.069,2.018-3.16A6.717,6.717,0,0,0,47,6.809,6.768,6.768,0,1,0,34.74,10.764l1.982,3.111C34.6,14.2,31,15.171,31,17.309c0,.779.509,1.889,2.931,2.755a19.419,19.419,0,0,0,6.3.937c4.431,0,9.229-1.25,9.229-3.691C49.457,15.171,45.858,14.2,43.734,13.875Zm-7.966-3.787-.021-.031a5.537,5.537,0,1,1,9.008-.062c-.059.078.25-.4-4.526,7.092Zm4.46,9.682c-4.84,0-8-1.423-8-2.461,0-.7,1.623-1.845,5.219-2.293l2.26,3.546a.615.615,0,0,0,1.038,0l2.26-3.546c3.6.447,5.219,1.595,5.219,2.293C48.227,18.338,45.1,19.77,40.229,19.77Z\" transform=\"translate(-31)\" fill=\"#757575\"><\/path><\/g><\/g><g id=\"Group_78\" data-name=\"Group 78\" transform=\"translate(37.152 3.732)\"><g id=\"Group_77\" data-name=\"Group 77\" transform=\"translate(0)\"><path id=\"Path_121\" data-name=\"Path 121\" d=\"M184.076,91a3.076,3.076,0,1,0,3.076,3.076A3.08,3.08,0,0,0,184.076,91Zm0,4.922a1.846,1.846,0,1,1,1.846-1.846A1.848,1.848,0,0,1,184.076,95.922Z\" transform=\"translate(-181 -91)\" fill=\"#757575\"><\/path><\/g><\/g><\/g><\/svg>\t\t\t\t\t\t<\/span>\n\t\t\t\t\t\t\t\t\t\t<span class=\"elementor-icon-list-text\">Come raggiungere il Dream Lagoon Resort &amp; Aquapark Immerso in un ambiente tranquillo e remoto, il Dream Lagoon Resort &amp; Aquapark si trova 20 km a sud di Marsa Alam. Scopri di pi\u00f9...<\/span>\n\t\t\t\t\t\t\t\t\t<\/li>\n\t\t\t\t\t\t\t\t<li class=\"elementor-icon-list-item\">\n\t\t\t\t\t\t\t\t\t\t\t<span class=\"elementor-icon-list-icon\">\n\t\t\t\t\t\t\t<svg xmlns=\"http:\/\/www.w3.org\/2000\/svg\" width=\"21.478\" height=\"21.478\" viewBox=\"0 0 21.478 21.478\"><g id=\"customer-service_1427800\" transform=\"translate(0 0)\"><path id=\"Path_122\" data-name=\"Path 122\" d=\"M54.227,70.264a.447.447,0,0,1-.434-.339,19.331,19.331,0,0,1-.461-4.583v-.895a.448.448,0,0,1,.9,0v.895a18.514,18.514,0,0,0,.434,4.366.447.447,0,0,1-.326.543.425.425,0,0,1-.109.013Zm0,0\" transform=\"translate(-51.095 -61.315)\" fill=\"#757575\"><\/path><path id=\"Path_123\" data-name=\"Path 123\" d=\"M16.556,82.794h-.9A15.679,15.679,0,0,1,0,67.132v-.9A2.234,2.234,0,0,1,2.237,64h1.79A1.348,1.348,0,0,1,5.37,65.342a11.391,11.391,0,0,0,.424,2.99,2.078,2.078,0,0,1-.788,2.5c-.077.067-.151.13-.215.194l-.689.689a12.985,12.985,0,0,0,2.755,4.226,12.989,12.989,0,0,0,4.219,2.749L11.765,78c.064-.064.127-.137.194-.214a2.077,2.077,0,0,1,2.5-.788,11.462,11.462,0,0,0,2.99.424,1.343,1.343,0,0,1,1.342,1.342v1.342a.447.447,0,0,1-.448.448h-.895a19.326,19.326,0,0,1-4.583-.461.447.447,0,0,1,.216-.868,18.52,18.52,0,0,0,4.366.434H17.9v-.895a.448.448,0,0,0-.448-.448,12.379,12.379,0,0,1-3.274-.471,1.2,1.2,0,0,0-1.541.524c-.082.095-.16.185-.239.263l-.9.895a.447.447,0,0,1-.473.1,13.9,13.9,0,0,1-4.8-3.057,13.907,13.907,0,0,1-3.064-4.812.447.447,0,0,1,.1-.473l.895-.9c.078-.078.168-.157.263-.238a1.2,1.2,0,0,0,.524-1.541,12.336,12.336,0,0,1-.47-3.274.448.448,0,0,0-.133-.315.443.443,0,0,0-.314-.132H2.237A1.34,1.34,0,0,0,.895,66.237v.9A14.783,14.783,0,0,0,15.661,81.9h.9a1.522,1.522,0,0,0,1.026-.316.447.447,0,0,1,.633.633,2.332,2.332,0,0,1-1.659.579Zm0,0\" transform=\"translate(0 -61.315)\" fill=\"#757575\"><\/path><path id=\"Path_124\" data-name=\"Path 124\" d=\"M290.237,37.37A2.24,2.24,0,0,1,288,35.132v-.9a2.237,2.237,0,0,1,4.475,0v.9A2.24,2.24,0,0,1,290.237,37.37Zm0-4.475a1.344,1.344,0,0,0-1.342,1.342v.9a1.342,1.342,0,1,0,2.685,0v-.9A1.344,1.344,0,0,0,290.237,32.895Zm0,0\" transform=\"translate(-275.918 -30.658)\" fill=\"#757575\"><\/path><path id=\"Path_125\" data-name=\"Path 125\" d=\"M250.7,144.038h-2.687a3.867,3.867,0,0,1-2.553-1.026.446.446,0,0,1-.131-.316v-1.551a.892.892,0,0,1,.4-.745l2.286-1.524v-.208h.9v.447a.448.448,0,0,1-.2.372l-2.486,1.657v1.346a2.977,2.977,0,0,0,1.789.652H250.7a2.942,2.942,0,0,0,1.789-.651v-1.347l-2.486-1.657a.448.448,0,0,1-.2-.372v-.447h.895v.208l2.286,1.524a.894.894,0,0,1,.4.745V142.7a.446.446,0,0,1-.131.316A3.867,3.867,0,0,1,250.7,144.038Zm0,0\" transform=\"translate(-235.04 -132.851)\" fill=\"#757575\"><\/path><path id=\"Path_126\" data-name=\"Path 126\" d=\"M173.8,14.767a.442.442,0,0,1-.171-.034.447.447,0,0,1-.276-.413v-1.79a.447.447,0,1,1,.895,0v.71l1.026-1.026a.446.446,0,0,1,.316-.131h8.054a.448.448,0,0,0,.448-.448V1.343a.448.448,0,0,0-.448-.448H172.01a.448.448,0,0,0-.448.448V11.634a.448.448,0,0,0,.448.448.447.447,0,0,1,0,.895,1.344,1.344,0,0,1-1.342-1.342V1.343A1.344,1.344,0,0,1,172.01,0h11.634a1.344,1.344,0,0,1,1.342,1.342V11.634a1.344,1.344,0,0,1-1.342,1.342h-7.869l-1.659,1.659a.448.448,0,0,1-.316.131Zm0,0\" transform=\"translate(-163.508)\" fill=\"#757575\"><\/path><path id=\"Path_127\" data-name=\"Path 127\" d=\"M288,330.668h.895v.895H288Zm0,0\" transform=\"translate(-275.918 -316.796)\" fill=\"#757575\"><\/path><path id=\"Path_128\" data-name=\"Path 128\" d=\"M330.668,330.668h.895v.895h-.895Zm0,0\" transform=\"translate(-316.796 -316.796)\" fill=\"#757575\"><\/path><path id=\"Path_129\" data-name=\"Path 129\" d=\"M373.332,330.668h.9v.895h-.9Zm0,0\" transform=\"translate(-357.671 -316.796)\" fill=\"#757575\"><\/path><\/g><\/svg>\t\t\t\t\t\t<\/span>\n\t\t\t\t\t\t\t\t\t\t<span class=\"elementor-icon-list-text\">(+2) 011 200 00 259\/ 260\/261<\/span>\n\t\t\t\t\t\t\t\t\t<\/li>\n\t\t\t\t\t\t\t\t<li class=\"elementor-icon-list-item\">\n\t\t\t\t\t\t\t\t\t\t\t<span class=\"elementor-icon-list-icon\">\n\t\t\t\t\t\t\t<svg xmlns=\"http:\/\/www.w3.org\/2000\/svg\" width=\"21.021\" height=\"16.012\" viewBox=\"0 0 21.021 16.012\"><path id=\"email_4546924\" d=\"M18.763,61H2.258A2.261,2.261,0,0,0,0,63.258v11.5a2.261,2.261,0,0,0,2.258,2.258H18.763a2.261,2.261,0,0,0,2.258-2.258v-11.5A2.261,2.261,0,0,0,18.763,61Zm1.026,2.258v11.5a1,1,0,0,1-.011.149l-5.921-5.9,5.921-5.9A1,1,0,0,1,19.79,63.258Zm-1.026-1.026a1.068,1.068,0,0,1,.141.01L10.511,70.6,2.117,62.242a1.067,1.067,0,0,1,.141-.01ZM1.243,74.9a1,1,0,0,1-.011-.149v-11.5a1,1,0,0,1,.011-.149l5.921,5.9Zm1.015.877a1.068,1.068,0,0,1-.141-.01l5.92-5.9,2.039,2.031a.616.616,0,0,0,.869,0l2.039-2.031,5.92,5.9a1.068,1.068,0,0,1-.141.01Z\" transform=\"translate(0 -61)\" fill=\"#757575\"><\/path><\/svg>\t\t\t\t\t\t<\/span>\n\t\t\t\t\t\t\t\t\t\t<span class=\"elementor-icon-list-text\">fo@grandlagoonresorts.com \/ info@grandlagoonresorts.com<\/span>\n\t\t\t\t\t\t\t\t\t<\/li>\n\t\t\t\t\t\t<\/ul>\n\t\t\t\t\t\t<\/div>\n\t\t\t\t<\/div>\n\t\t\t\t\t<\/div>\n\t\t<\/div>\n\t\t\t\t<div class=\"elementor-column elementor-col-50 elementor-inner-column elementor-element elementor-element-46ac373\" data-id=\"46ac373\" data-element_type=\"column\" data-e-type=\"column\">\n\t\t\t<div class=\"elementor-widget-wrap elementor-element-populated\">\n\t\t\t\t\t\t<div class=\"elementor-element elementor-element-36d05e0 elementor-widget__width-initial elementor-widget-mobile__width-inherit elementor-widget elementor-widget-heading\" data-id=\"36d05e0\" data-element_type=\"widget\" data-e-type=\"widget\" data-widget_type=\"heading.default\">\n\t\t\t\t<div class=\"elementor-widget-container\">\n\t\t\t\t\t<h2 class=\"elementor-heading-title elementor-size-default\">Adagiato lungo una delle coste pi\u00f9 mozzafiato del Mar Rosso meridionale,<\/h2>\t\t\t\t<\/div>\n\t\t\t\t<\/div>\n\t\t\t\t<div class=\"elementor-element elementor-element-8fc0968 elementor-widget__width-initial elementor-widget-mobile__width-inherit elementor-widget elementor-widget-text-editor\" data-id=\"8fc0968\" data-element_type=\"widget\" data-e-type=\"widget\" data-widget_type=\"text-editor.default\">\n\t\t\t\t<div class=\"elementor-widget-container\">\n\t\t\t\t\t\t\t\t\t<p>Situato lungo una delle coste pi\u00f9 spettacolari del Mar Rosso Meridionale, a soli 20 km a sud di Marsa Alam, il Dream Lagoon Resorts &amp; Aqua Park \u00e8 un resort balneare a conduzione familiare che coniuga la bellezza naturale con una calorosa ospitalit\u00e0. Incorniciato da montagne di sabbia dorata e dal deserto infinito, il nostro resort si apre sugli incantevoli colori del Mar Rosso, offrendo una fuga nella serenit\u00e0. Con una spiaggia privata e pittoresca, acque cristalline e una vivace barriera corallina, il Dream Lagoon \u00e8 diventato un rifugio ricercato da amanti del sole, dello snorkeling e delle immersioni subacquee. Che siate alla ricerca di una vacanza rilassante con la famiglia, di una fuga romantica o di un&#8217;avventurosa esperienza subacquea, il nostro resort \u00e8 progettato per soddisfare ogni tipo di viaggiatore. Al Dream Lagoon, la vostra vacanza \u00e8 a vostra completa disposizione. Scegliete di rilassarvi al sole, esplorare lo straordinario mondo sottomarino o dedicarvi a una variet\u00e0 di attivit\u00e0, il tutto in un&#8217;atmosfera di tranquillit\u00e0 e comfort.     <\/p>\t\t\t\t\t\t\t\t<\/div>\n\t\t\t\t<\/div>\n\t\t\t\t\t<\/div>\n\t\t<\/div>\n\t\t\t\t\t<\/div>\n\t\t<\/section>\n\t\t\t\t\t<\/div>\n\t\t<\/div>\n\t\t\t\t\t<\/div>\n\t\t<\/section>\n\t\t\t\t<section class=\"elementor-section elementor-top-section elementor-element elementor-element-63f1b24 elementor-section-full_width elementor-section-height-default elementor-section-height-default wpr-particle-no wpr-jarallax-no wpr-parallax-no wpr-sticky-section-no wpr-equal-height-no\" data-id=\"63f1b24\" data-element_type=\"section\" data-e-type=\"section\">\n\t\t\t\t\t\t<div class=\"elementor-container elementor-column-gap-default\">\n\t\t\t\t\t<div class=\"elementor-column elementor-col-100 elementor-top-column elementor-element elementor-element-c6842a4\" data-id=\"c6842a4\" data-element_type=\"column\" data-e-type=\"column\">\n\t\t\t<div class=\"elementor-widget-wrap elementor-element-populated\">\n\t\t\t\t\t\t<div class=\"elementor-element elementor-element-b632d47 elementor-widget elementor-widget-video\" data-id=\"b632d47\" data-element_type=\"widget\" data-e-type=\"widget\" data-settings=\"{&quot;video_type&quot;:&quot;hosted&quot;,&quot;show_image_overlay&quot;:&quot;yes&quot;,&quot;image_overlay&quot;:{&quot;url&quot;:&quot;https:\\\/\\\/grandlagoonresorts.com\\\/wp-content\\\/uploads\\\/2025\\\/05\\\/DJI_0198-2-scaled.webp&quot;,&quot;id&quot;:1087,&quot;size&quot;:&quot;&quot;,&quot;alt&quot;:&quot;&quot;,&quot;source&quot;:&quot;library&quot;},&quot;controls&quot;:&quot;yes&quot;}\" data-widget_type=\"video.default\">\n\t\t\t\t<div class=\"elementor-widget-container\">\n\t\t\t\t\t\t\t<div class=\"e-hosted-video elementor-wrapper elementor-open-inline\">\n\t\t\t\t\t<video class=\"elementor-video\" src=\"https:\/\/grandlagoonresorts.com\/wp-content\/uploads\/2025\/05\/Sequence-01_1-1-1-1.mp4\" controls=\"\" preload=\"metadata\" controlsList=\"nodownload\"><\/video>\n\t\t\t\t\t\t<div class=\"elementor-custom-embed-image-overlay\" style=\"background-image: url(https:\/\/grandlagoonresorts.com\/wp-content\/uploads\/2025\/05\/DJI_0198-2-scaled.webp);\">\n\t\t\t\t\t\t\t\t\t\t\t\t\t\t\t\t<div class=\"elementor-custom-embed-play\" role=\"button\" aria-label=\"Riproduci video\" tabindex=\"0\">\n\t\t\t\t\t\t\t<svg aria-hidden=\"true\" class=\"e-font-icon-svg e-eicon-play\" viewBox=\"0 0 1000 1000\" xmlns=\"http:\/\/www.w3.org\/2000\/svg\"><path d=\"M838 162C746 71 633 25 500 25 371 25 258 71 163 162 71 254 25 367 25 500 25 633 71 746 163 837 254 929 367 979 500 979 633 979 746 933 838 837 929 746 975 633 975 500 975 367 929 254 838 162M808 192C892 279 933 379 933 500 933 621 892 725 808 808 725 892 621 938 500 938 379 938 279 896 196 808 113 725 67 621 67 500 67 379 108 279 196 192 279 108 383 62 500 62 621 62 721 108 808 192M438 392V642L642 517 438 392Z\"><\/path><\/svg>\t\t\t\t\t\t<\/div>\n\t\t\t\t\t\t\t\t\t<\/div>\n\t\t\t\t\t<\/div>\n\t\t\t\t\t\t<\/div>\n\t\t\t\t<\/div>\n\t\t\t\t<div class=\"elementor-element elementor-element-c9478b3 anchor-none elementor-widget elementor-widget-heading\" data-id=\"c9478b3\" data-element_type=\"widget\" data-e-type=\"widget\" data-widget_type=\"heading.default\">\n\t\t\t\t<div class=\"elementor-widget-container\">\n\t\t\t\t\t<h2 class=\"elementor-heading-title elementor-size-default\"><a href=\"https:\/\/grandlagoonresorts.com\/it\/galleria\/\">Visualizza tutto<\/a><\/h2>\t\t\t\t<\/div>\n\t\t\t\t<\/div>\n\t\t\t\t<div class=\"elementor-element elementor-element-d00c35e elementor-widget elementor-widget-image\" data-id=\"d00c35e\" data-element_type=\"widget\" data-e-type=\"widget\" data-widget_type=\"image.default\">\n\t\t\t\t<div class=\"elementor-widget-container\">\n\t\t\t\t\t\t\t\t\t\t\t\t\t\t\t<img decoding=\"async\" width=\"800\" height=\"20\" src=\"https:\/\/grandlagoonresorts.com\/wp-content\/uploads\/2025\/03\/lineAsset-1@2x-1024x25.png\" class=\"attachment-large size-large wp-image-2149\" alt=\"Line1\" srcset=\"https:\/\/grandlagoonresorts.com\/wp-content\/uploads\/2025\/03\/lineAsset-1@2x-1024x25.png 1024w, https:\/\/grandlagoonresorts.com\/wp-content\/uploads\/2025\/03\/lineAsset-1@2x-300x7.png 300w, https:\/\/grandlagoonresorts.com\/wp-content\/uploads\/2025\/03\/lineAsset-1@2x-768x19.png 768w, https:\/\/grandlagoonresorts.com\/wp-content\/uploads\/2025\/03\/lineAsset-1@2x.png 1372w\" sizes=\"(max-width: 800px) 100vw, 800px\" \/>\t\t\t\t\t\t\t\t\t\t\t\t\t\t\t<\/div>\n\t\t\t\t<\/div>\n\t\t\t\t\t<\/div>\n\t\t<\/div>\n\t\t\t\t\t<\/div>\n\t\t<\/section>\n\t\t\t\t<\/div>\n\t\t","protected":false},"excerpt":{"rendered":"<p>Di \/* widget: Animated Split Text *\/ #uc_splitting_letters_effect_elementor_d6e71ad2.uc-animated .char { animation: ue_scale 1s cubic-bezier(.5, 0, .5, 1) both; animation-delay: calc(60ms * var(&#8211;char-index)); } Dream Lagoon Resort &amp; Aquapark Raggiungeteci Come raggiungere il Dream Lagoon Resort &amp; Aquapark Immerso in un ambiente tranquillo e remoto, il Dream Lagoon Resort &amp; Aquapark si trova 20 km a sud di Marsa Alam. Scopri di pi\u00f9&#8230; (+2) 011 200 00 259\/ 260\/261 fo@grandlagoonresorts.com \/ info@grandlagoonresorts.com Adagiato lungo una delle coste pi\u00f9 mozzafiato del Mar Rosso meridionale, Situato lungo una delle coste pi\u00f9 spettacolari del Mar Rosso Meridionale, a soli 20 km a sud di Marsa Alam, il Dream Lagoon Resorts &amp; Aqua Park \u00e8 un resort balneare a conduzione familiare che coniuga la bellezza naturale con una calorosa ospitalit\u00e0. Incorniciato da montagne di sabbia dorata e dal deserto infinito, il nostro resort si apre sugli incantevoli colori del Mar Rosso, offrendo una fuga nella serenit\u00e0. Con una spiaggia privata e pittoresca, acque cristalline e una vivace barriera corallina, il Dream Lagoon \u00e8 diventato un rifugio ricercato da amanti del sole, dello snorkeling e delle immersioni subacquee. Che siate alla ricerca di una vacanza rilassante con la famiglia, di una fuga romantica o di un&#8217;avventurosa esperienza subacquea, il nostro resort \u00e8 progettato per soddisfare ogni tipo di viaggiatore. Al Dream Lagoon, la vostra vacanza \u00e8 a vostra completa disposizione. Scegliete di rilassarvi al sole, esplorare lo straordinario mondo sottomarino o dedicarvi a una variet\u00e0 di attivit\u00e0, il tutto in un&#8217;atmosfera di tranquillit\u00e0 e comfort. https:\/\/grandlagoonresorts.com\/wp-content\/uploads\/2025\/05\/Sequence-01_1-1-1-1.mp4 Visualizza tutto<\/p>\n","protected":false},"author":2,"featured_media":0,"parent":0,"menu_order":0,"comment_status":"closed","ping_status":"closed","template":"","meta":{"footnotes":""},"class_list":["post-2235","page","type-page","status-publish","hentry"],"aioseo_notices":[],"_links":{"self":[{"href":"https:\/\/grandlagoonresorts.com\/it\/wp-json\/wp\/v2\/pages\/2235","targetHints":{"allow":["GET"]}}],"collection":[{"href":"https:\/\/grandlagoonresorts.com\/it\/wp-json\/wp\/v2\/pages"}],"about":[{"href":"https:\/\/grandlagoonresorts.com\/it\/wp-json\/wp\/v2\/types\/page"}],"author":[{"embeddable":true,"href":"https:\/\/grandlagoonresorts.com\/it\/wp-json\/wp\/v2\/users\/2"}],"replies":[{"embeddable":true,"href":"https:\/\/grandlagoonresorts.com\/it\/wp-json\/wp\/v2\/comments?post=2235"}],"version-history":[{"count":2,"href":"https:\/\/grandlagoonresorts.com\/it\/wp-json\/wp\/v2\/pages\/2235\/revisions"}],"predecessor-version":[{"id":2241,"href":"https:\/\/grandlagoonresorts.com\/it\/wp-json\/wp\/v2\/pages\/2235\/revisions\/2241"}],"wp:attachment":[{"href":"https:\/\/grandlagoonresorts.com\/it\/wp-json\/wp\/v2\/media?parent=2235"}],"curies":[{"name":"wp","href":"https:\/\/api.w.org\/{rel}","templated":true}]}}